{"id":386,"date":"2021-09-10T10:48:43","date_gmt":"2021-09-10T10:48:43","guid":{"rendered":"https:\/\/www.osk-volta-slupsk.pl\/?page_id=386"},"modified":"2021-09-15T10:56:42","modified_gmt":"2021-09-15T10:56:42","slug":"kurs","status":"publish","type":"page","link":"https:\/\/www.osk-volta-slupsk.pl\/index.php\/kurs\/","title":{"rendered":"Kurs"},"content":{"rendered":"\t\t<div data-elementor-type=\"wp-page\" data-elementor-id=\"386\" class=\"elementor elementor-386\" data-elementor-settings=\"[]\">\n\t\t\t\t\t\t\t<div class=\"elementor-section-wrap\">\n\t\t\t\t\t\t\t<section class=\"elementor-section elementor-top-section elementor-element elementor-element-989bd18 elementor-section-boxed elementor-section-height-default elementor-section-height-default\" data-id=\"989bd18\" data-element_type=\"section\" data-settings=\"{&quot;background_background&quot;:&quot;classic&quot;}\">\n\t\t\t\t\t\t<div class=\"elementor-container elementor-column-gap-default\">\n\t\t\t\t\t<div class=\"elementor-column elementor-col-100 elementor-top-column elementor-element elementor-element-173b3e3\" data-id=\"173b3e3\" data-element_type=\"column\">\n\t\t\t<div class=\"elementor-widget-wrap elementor-element-populated\">\n\t\t\t\t\t\t\t\t<div class=\"elementor-element elementor-element-3edfab6 elementor-widget elementor-widget-heading\" data-id=\"3edfab6\" data-element_type=\"widget\" data-widget_type=\"heading.default\">\n\t\t\t\t<div class=\"elementor-widget-container\">\n\t\t\t<h2 class=\"elementor-heading-title elementor-size-default\">Wa\u017cne informacje dla os\u00f3b rozpoczynaj\u0105cych kurs<\/h2>\t\t<\/div>\n\t\t\t\t<\/div>\n\t\t\t\t\t<\/div>\n\t\t<\/div>\n\t\t\t\t\t\t\t<\/div>\n\t\t<\/section>\n\t\t\t\t<section class=\"elementor-section elementor-top-section elementor-element elementor-element-1b32028 elementor-section-boxed elementor-section-height-default elementor-section-height-default\" data-id=\"1b32028\" data-element_type=\"section\" data-settings=\"{&quot;background_background&quot;:&quot;classic&quot;}\">\n\t\t\t\t\t\t<div class=\"elementor-container elementor-column-gap-default\">\n\t\t\t\t\t<div class=\"elementor-column elementor-col-100 elementor-top-column elementor-element elementor-element-d87a442\" data-id=\"d87a442\" data-element_type=\"column\">\n\t\t\t<div class=\"elementor-widget-wrap elementor-element-populated\">\n\t\t\t\t\t\t\t\t<div class=\"elementor-element elementor-element-01f7018 elementor-widget elementor-widget-heading\" data-id=\"01f7018\" data-element_type=\"widget\" data-widget_type=\"heading.default\">\n\t\t\t\t<div class=\"elementor-widget-container\">\n\t\t\t<h2 class=\"elementor-heading-title elementor-size-default\">Pozyskanie PKK (Profil Kandydata Kierowcy)<\/h2>\t\t<\/div>\n\t\t\t\t<\/div>\n\t\t\t\t<div class=\"elementor-element elementor-element-6781a11 elementor-widget elementor-widget-text-editor\" data-id=\"6781a11\" data-element_type=\"widget\" data-widget_type=\"text-editor.default\">\n\t\t\t\t<div class=\"elementor-widget-container\">\n\t\t\t\t\t\t\t<p>Zgodnie z nowymi zasadami zapisu na kurs prawa jazdy przysz\u0142y kursant musi zarejestrowa\u0107 si\u0119 w wydziale komunikacji w Urz\u0119dzie Miasta lub Starostwie i utworzy\u0107 Profil Kandydata na Kierowc\u0119 (PKK) \u2013 elektroniczny identyfikator czyli indywidualny numer nadany osobie ubiegaj\u0105cej si\u0119 o prawo jazdy.<\/p>\t\t\t\t\t\t<\/div>\n\t\t\t\t<\/div>\n\t\t\t\t\t<\/div>\n\t\t<\/div>\n\t\t\t\t\t\t\t<\/div>\n\t\t<\/section>\n\t\t\t\t<section class=\"elementor-section elementor-top-section elementor-element elementor-element-fdb03eb elementor-section-boxed elementor-section-height-default elementor-section-height-default\" data-id=\"fdb03eb\" data-element_type=\"section\" data-settings=\"{&quot;background_background&quot;:&quot;classic&quot;}\">\n\t\t\t\t\t\t<div class=\"elementor-container elementor-column-gap-default\">\n\t\t\t\t\t<div class=\"elementor-column elementor-col-100 elementor-top-column elementor-element elementor-element-089f4c5\" data-id=\"089f4c5\" data-element_type=\"column\">\n\t\t\t<div class=\"elementor-widget-wrap elementor-element-populated\">\n\t\t\t\t\t\t\t\t<div class=\"elementor-element elementor-element-efc9cd5 elementor-widget elementor-widget-heading\" data-id=\"efc9cd5\" data-element_type=\"widget\" data-widget_type=\"heading.default\">\n\t\t\t\t<div class=\"elementor-widget-container\">\n\t\t\t<h2 class=\"elementor-heading-title elementor-size-default\">Najlepiej:<\/h2>\t\t<\/div>\n\t\t\t\t<\/div>\n\t\t\t\t<div class=\"elementor-element elementor-element-7fc1071 elementor-widget elementor-widget-text-editor\" data-id=\"7fc1071\" data-element_type=\"widget\" data-widget_type=\"text-editor.default\">\n\t\t\t\t<div class=\"elementor-widget-container\">\n\t\t\t\t\t\t\t<ol class=\"custom-ordered-list\">\n \t<li>\u00a0Uda\u0107 si\u0119 do lekarza (kt\u00f3ry ma uprawnienia do badania kandydat\u00f3w na kierowc\u00f3w)<\/li>\n \t<li>\u00a0Zrobi\u0107 zdj\u0119cie na wprost , takie jak do dowodu czyli wyra\u017ana, aktualna i kolorowa fotografia o wymiarze 4,5 cm x 3,5 cm<\/li>\n \t<li>\u00a0Mie\u0107 przy sobie dow\u00f3d osobisty lub legitymacj\u0119 szkoln\u0105 (nr.pesel)<\/li>\n \t<li>\u00a0Z w\/w dokumentami uda\u0107 si\u0119 do wydzia\u0142u komunikacji i je przedstawi\u0107<\/li>\n \t<li>\u00a0Wype\u0142ni\u0107 na miejscu wniosek o wydanie prawa jazdy<\/li>\n<\/ol>\t\t\t\t\t\t<\/div>\n\t\t\t\t<\/div>\n\t\t\t\t<div class=\"elementor-element elementor-element-68c101f elementor-widget elementor-widget-html\" data-id=\"68c101f\" data-element_type=\"widget\" data-widget_type=\"html.default\">\n\t\t\t\t<div class=\"elementor-widget-container\">\n\t\t\t<style>\n    .custom-ordered-list{\n        list-style: none;\n        counter-reset: li;\n        \n    }\n    \n    .custom-ordered-list > li::before {\n        content: counter(li);\n        color: #0089E2;\n        display: inline-block;\n        width: 1em;\n        margin-left: -1em\n        \n    }\n    \n    .custom-ordered-list > li{\n        counter-increment: li;\n        \n    }\n\n<\/style>\t\t<\/div>\n\t\t\t\t<\/div>\n\t\t\t\t\t<\/div>\n\t\t<\/div>\n\t\t\t\t\t\t\t<\/div>\n\t\t<\/section>\n\t\t\t\t<section class=\"elementor-section elementor-top-section elementor-element elementor-element-32c9c50 elementor-section-boxed elementor-section-height-default elementor-section-height-default\" data-id=\"32c9c50\" data-element_type=\"section\" data-settings=\"{&quot;background_background&quot;:&quot;classic&quot;}\">\n\t\t\t\t\t\t<div class=\"elementor-container elementor-column-gap-default\">\n\t\t\t\t\t<div class=\"elementor-column elementor-col-100 elementor-top-column elementor-element elementor-element-cb9c105\" data-id=\"cb9c105\" data-element_type=\"column\">\n\t\t\t<div class=\"elementor-widget-wrap elementor-element-populated\">\n\t\t\t\t\t\t\t\t<div class=\"elementor-element elementor-element-44a14d7 elementor-widget elementor-widget-text-editor\" data-id=\"44a14d7\" data-element_type=\"widget\" data-widget_type=\"text-editor.default\">\n\t\t\t\t<div class=\"elementor-widget-container\">\n\t\t\t\t\t\t\t<p>Je\u017celi kandydat na kierowc\u0119 nie ma uko\u0144czonych 18 lat to w wydziale komunikacji musi by\u0107 jeszcze\u00a0obecny rodzic lub opiekun prawny\u00a0\u017ceby podpisa\u0107 zgod\u0119 o rozpocz\u0119ciu szkolenia.<\/p><p>Szkolenie mo\u017cna rozpocz\u0105\u0107 na 3 miesi\u0105ce przed uko\u0144czeniem 18 lat.<\/p><p>Profil Kandydata na Kierowc\u0119 to indywidualny numer kursanta do kt\u00f3rego dost\u0119p b\u0119dzie mia\u0142a wybrana przez kursanta szko\u0142a jazdy oraz Wojew\u00f3dzki O\u015brodek Ruchu Drogowego.<\/p>\t\t\t\t\t\t<\/div>\n\t\t\t\t<\/div>\n\t\t\t\t\t<\/div>\n\t\t<\/div>\n\t\t\t\t\t\t\t<\/div>\n\t\t<\/section>\n\t\t\t\t\t\t<\/div>\n\t\t\t\t\t<\/div>\n\t\t","protected":false},"excerpt":{"rendered":"<p>Wa\u017cne informacje dla os\u00f3b rozpoczynaj\u0105cych kurs Pozyskanie PKK (Profil Kandydata Kierowcy) Zgodnie z nowymi zasadami zapisu na kurs prawa jazdy przysz\u0142y kursant musi zarejestrowa\u0107 si\u0119 w wydziale komunikacji w Urz\u0119dzie Miasta lub Starostwie i utworzy\u0107 Profil Kandydata na Kierowc\u0119 (PKK) \u2013 elektroniczny identyfikator czyli indywidualny numer nadany osobie ubiegaj\u0105cej si\u0119 o prawo jazdy. Najlepiej: \u00a0Uda\u0107 [&hellip;]<\/p>\n","protected":false},"author":1,"featured_media":0,"parent":0,"menu_order":0,"comment_status":"closed","ping_status":"closed","template":"","meta":[],"_links":{"self":[{"href":"https:\/\/www.osk-volta-slupsk.pl\/index.php\/wp-json\/wp\/v2\/pages\/386"}],"collection":[{"href":"https:\/\/www.osk-volta-slupsk.pl\/index.php\/wp-json\/wp\/v2\/pages"}],"about":[{"href":"https:\/\/www.osk-volta-slupsk.pl\/index.php\/wp-json\/wp\/v2\/types\/page"}],"author":[{"embeddable":true,"href":"https:\/\/www.osk-volta-slupsk.pl\/index.php\/wp-json\/wp\/v2\/users\/1"}],"replies":[{"embeddable":true,"href":"https:\/\/www.osk-volta-slupsk.pl\/index.php\/wp-json\/wp\/v2\/comments?post=386"}],"version-history":[{"count":52,"href":"https:\/\/www.osk-volta-slupsk.pl\/index.php\/wp-json\/wp\/v2\/pages\/386\/revisions"}],"predecessor-version":[{"id":1067,"href":"https:\/\/www.osk-volta-slupsk.pl\/index.php\/wp-json\/wp\/v2\/pages\/386\/revisions\/1067"}],"wp:attachment":[{"href":"https:\/\/www.osk-volta-slupsk.pl\/index.php\/wp-json\/wp\/v2\/media?parent=386"}],"curies":[{"name":"wp","href":"https:\/\/api.w.org\/{rel}","templated":true}]}}